{"id":51,"date":"2025-05-16T12:22:38","date_gmt":"2025-05-16T10:22:38","guid":{"rendered":"http:\/\/www.nekodo.it\/index.php\/homepage-2\/"},"modified":"2025-08-25T12:05:48","modified_gmt":"2025-08-25T10:05:48","slug":"homepage-2","status":"publish","type":"page","link":"https:\/\/www.nekodo.it\/","title":{"rendered":"Homepage"},"content":{"rendered":"\n<div style=\"background-color:#431215;padding-left:8%;padding-right:8%;padding-bottom:30%;padding-top:30%\" class=\"wp-block-genesis-blocks-gb-container narrow-content light-text gb-block-container alignfull\"><div class=\"gb-container-inside\"><div class=\"gb-container-image-wrap\"><img decoding=\"async\" class=\"gb-container-image has-background-dim-20 has-background-dim\" src=\"https:\/\/www.nekodo.it\/wp-content\/uploads\/2025\/05\/image-2.png\" alt=\"\"\/><\/div><div class=\"gb-container-content\" style=\"max-width:1200px\">\n<h1 class=\"wp-block-heading has-text-align-left bold-heading-text fade-in-up\">Neko-Do Shibari School<\/h1>\n\n\n\n<p class=\"has-text-align-left fade-in-up has-text-color has-large-font-size\" style=\"color:#ffffff\">L\u2019arte delle corde a Palermo<\/p>\n\n\n\n<p class=\"has-text-align-left\">Lo Shibari \u00e8 una pratica che nasce in Giappone e consiste nel legare il corpo con corde in modo estetico, sicuro e rispettoso.<br>Ma non si tratta solo di nodi: lo Shibari \u00e8 soprattutto un modo per connettersi con l\u2019altra persona attraverso la fiducia, l\u2019ascolto e la presenza.<br>\u00c8 una forma di comunicazione silenziosa, dove ogni gesto, ogni legatura, pu\u00f2 diventare un momento di intimit\u00e0, rilassamento o esplorazione emotiva.<\/p>\n<\/div><\/div><\/div>\n\n\n\n<div class=\"wp-block-group\"><div class=\"wp-block-group__inner-container is-layout-constrained wp-block-group-is-layout-constrained\">\n<div style=\"padding-left:8%;padding-right:8%;padding-bottom:2%;padding-top:10%\" class=\"wp-block-genesis-blocks-gb-container gb-block-container alignfull\"><div class=\"gb-container-inside\"><div class=\"gb-container-content\" style=\"max-width:1200px\">\n<h2 class=\"wp-block-heading bold-text fade-in-up\">La scuola.<\/h2>\n\n\n\n<p class=\"fade-in-up\">A Palermo nasce Neko-d\u014d Shibari School, uno spazio dedicato alla pratica consapevole e artistica dello shibari.<\/p>\n\n\n\n<p>Marco e Wendy, legati da una decennale esperienza e da una profonda passione per questa disciplina, ti accompagneranno in un viaggio fatto di tecnica, estetica e connessione.<\/p>\n\n\n\n<p class=\"fade-in-up\">Che tu sia alle prime corde o gi\u00e0 esperto, qui troverai un ambiente sicuro, rispettoso e creativo<\/p>\n\n\n\n<hr class=\"wp-block-separator has-css-opacity fade-in-up\"\/>\n<\/div><\/div><\/div>\n<\/div><\/div>\n\n\n\n<div style=\"background-color:#000000;padding-left:8%;padding-right:8%;padding-bottom:15%;padding-top:15%\" class=\"wp-block-genesis-blocks-gb-container light-text gb-block-container alignfull\"><div class=\"gb-container-inside\"><div class=\"gb-container-image-wrap\"><img decoding=\"async\" class=\"gb-container-image has-background-dim\" object-fit=\"cover\"  src=\"https:\/\/www.nekodo.it\/wp-content\/uploads\/2025\/05\/IMG-20180605-WA0046m-1.jpg\" alt=\"\"\/><\/div><div class=\"gb-container-content\" style=\"max-width:1200px\">\n<h2 class=\"wp-block-heading has-text-align-left bold-text fade-in-up\">Wendy &amp; Marco<\/h2>\n\n\n\n<div class=\"wp-block-columns are-vertically-aligned-center is-layout-flex wp-container-core-columns-is-layout-9d6595d7 wp-block-columns-is-layout-flex\">\n<div class=\"wp-block-column is-vertically-aligned-center is-layout-flow wp-block-column-is-layout-flow\">\n<p>Marco e Wendy praticano  shibari da quasi dieci anni, esplorandone la dimensione tecnica, estetica e relazionale.<\/p>\n\n\n\n<p class=\"has-normal-font-size\">Il loro approccio combina precisione e sensibilit\u00e0:<br>&#8211; Marco, con un\u2019attenzione impeccabile alla struttura e alla sicurezza.<br>&#8211; Wendy, capace di portare poesia e grazia in ogni legatura.<\/p>\n\n\n\n<p class=\"has-normal-font-size\">Insieme hanno creato Neko-d\u014d \u2013 \u201cla via del gatto\u201d \u2013 un metodo che unisce rigore e leggerezza, curiosit\u00e0 e rispetto, sempre nel segno della connessione autentica.<\/p>\n<\/div>\n\n\n\n<div class=\"wp-block-column is-vertically-aligned-center is-layout-flow wp-block-column-is-layout-flow\">\n<figure class=\"wp-block-image size-full\"><img loading=\"lazy\" decoding=\"async\" width=\"3541\" height=\"5521\" src=\"https:\/\/www.nekodo.it\/wp-content\/uploads\/2025\/05\/Keka-3.jpg\" alt=\"\" class=\"wp-image-72\"\/><\/figure>\n<\/div>\n<\/div>\n<\/div><\/div><\/div>\n\n\n\n<div class=\"wp-block-columns is-layout-flex wp-container-core-columns-is-layout-9d6595d7 wp-block-columns-is-layout-flex\"><\/div>\n\n\n\n<div style=\"padding-left:8%;padding-right:8%;padding-bottom:10%;padding-top:10%\" class=\"wp-block-genesis-blocks-gb-container gb-block-container alignfull\"><div class=\"gb-container-inside\"><div class=\"gb-container-content\" style=\"max-width:1200px\">\n<h2 class=\"wp-block-heading bold-text fade-in-up\">Corsi<\/h2>\n\n\n\n<p class=\"fade-in-up\"><strong>Workshop, corsi e incontri dedicati allo shibari<\/strong><\/p>\n\n\n\n<p>Presso la nostra scuola a Palermo proponiamo:<\/p>\n\n\n\n<ul class=\"wp-block-list\">\n<li>Corsi base per chi vuole avvicinarsi allo shibari partendo dalle fondamenta.<\/li>\n\n\n\n<li>Lezioni intermedie e avanzate per approfondire tecnica e creativit\u00e0.<\/li>\n\n\n\n<li>Sessioni individuali per lavorare su obiettivi specifici.<\/li>\n\n\n\n<li>Eventi e dimostrazioni per condividere l\u2019arte delle corde con la comunit\u00e0.<\/li>\n<\/ul>\n\n\n\n<p>Ogni attivit\u00e0 \u00e8 progettata per garantire sicurezza, rispetto reciproco e crescita personale.<\/p>\n\n\n\n<hr class=\"wp-block-separator has-css-opacity is-style-default fade-in-up\"\/>\n\n\n\n<div class=\"wp-block-genesis-blocks-gb-pricing gb-pricing-columns-3\"><div class=\"gb-pricing-table-wrap gb-block-pricing-table-gap-2\">\n<div class=\"wp-block-genesis-blocks-gb-pricing-table gb-block-pricing-table-center gb-block-pricing-table\" itemscope itemtype=\"http:\/\/schema.org\/Product\"><div class=\"gb-block-pricing-table-inside\" style=\"border-width:2px;border-style:solid\">\n<div itemprop=\"name\" style=\"padding-top:30px;padding-right:20px;padding-bottom:10px;padding-left:20px\" class=\"wp-block-genesis-blocks-gb-pricing-table-title gb-pricing-table-title has-medium-font-size\"><strong>CORSO BASE<\/strong><\/div>\n\n\n<div class=\"wp-block-image\">\n<figure class=\"aligncenter size-full is-resized\"><img loading=\"lazy\" decoding=\"async\" width=\"1200\" height=\"1533\" src=\"https:\/\/www.nekodo.it\/wp-content\/uploads\/2025\/05\/20_3_2022-14_32_52B.png\" alt=\"\" class=\"wp-image-104\" style=\"width:180px\"\/><\/figure>\n<\/div>\n\n\n<div class=\"wp-block-genesis-blocks-gb-pricing-table-features\" itemprop=\"description\">\n<ul style=\"padding-top:15px;padding-right:20px;padding-bottom:15px;padding-left:20px;font-size:20px\" class=\"wp-block-list\">\n<li>Product Feature One<\/li>\n\n\n\n<li>Product Feature Two<\/li>\n\n\n\n<li>Product Feature Three<\/li>\n<\/ul>\n<\/div>\n\n\n\n<div class=\"wp-block-genesis-blocks-gb-pricing-table-button gb-pricing-table-button\" style=\"padding-top:15px;padding-right:20px;padding-bottom:35px;padding-left:20px\"><div class=\"gb-block-button\"><a class=\"gb-button gb-button-shape-rounded gb-button-size-medium\" style=\"color:#ffffff;background-color:#82141a\">SCOPRI DI PIU&#8217;<\/a><\/div><\/div>\n<\/div><\/div>\n\n\n\n<div class=\"wp-block-genesis-blocks-gb-pricing-table gb-block-pricing-table-center gb-block-pricing-table\" itemscope itemtype=\"http:\/\/schema.org\/Product\"><div class=\"gb-block-pricing-table-inside\" style=\"border-width:2px;border-style:solid\">\n<div itemprop=\"name\" style=\"padding-top:30px;padding-right:20px;padding-bottom:10px;padding-left:20px\" class=\"wp-block-genesis-blocks-gb-pricing-table-title gb-pricing-table-title has-medium-font-size\"><strong>CORSO INTERMEDIO<\/strong><\/div>\n\n\n<div class=\"wp-block-image\">\n<figure class=\"aligncenter size-full is-resized\"><img loading=\"lazy\" decoding=\"async\" width=\"1200\" height=\"1533\" src=\"https:\/\/www.nekodo.it\/wp-content\/uploads\/2025\/05\/20_3_2022-14_32_52B.png\" alt=\"\" class=\"wp-image-104\" style=\"width:180px\"\/><\/figure>\n<\/div>\n\n\n<div class=\"wp-block-genesis-blocks-gb-pricing-table-features\" itemprop=\"description\">\n<ul style=\"padding-top:15px;padding-right:20px;padding-bottom:15px;padding-left:20px;font-size:20px\" class=\"wp-block-list\">\n<li>Product Feature One<\/li>\n\n\n\n<li>Product Feature Two<\/li>\n\n\n\n<li>Product Feature Three<\/li>\n<\/ul>\n<\/div>\n\n\n\n<div class=\"wp-block-genesis-blocks-gb-pricing-table-button gb-pricing-table-button\" style=\"padding-top:15px;padding-right:20px;padding-bottom:35px;padding-left:20px\"><div class=\"gb-block-button\"><a class=\"gb-button gb-button-shape-rounded gb-button-size-medium\" style=\"color:#ffffff;background-color:#82141a\">SCOPRI DI PIU&#8217;<\/a><\/div><\/div>\n<\/div><\/div>\n\n\n\n<div class=\"wp-block-genesis-blocks-gb-pricing-table gb-block-pricing-table-center gb-block-pricing-table\" itemscope itemtype=\"http:\/\/schema.org\/Product\"><div class=\"gb-block-pricing-table-inside\" style=\"border-width:2px;border-style:solid\">\n<div itemprop=\"name\" style=\"padding-top:30px;padding-right:20px;padding-bottom:10px;padding-left:20px\" class=\"wp-block-genesis-blocks-gb-pricing-table-title gb-pricing-table-title has-medium-font-size\"><strong>CORSO AVANZATO<\/strong><\/div>\n\n\n<div class=\"wp-block-image\">\n<figure class=\"aligncenter size-full is-resized\"><img loading=\"lazy\" decoding=\"async\" width=\"1200\" height=\"1533\" src=\"https:\/\/www.nekodo.it\/wp-content\/uploads\/2025\/05\/20_3_2022-14_32_52B.png\" alt=\"\" class=\"wp-image-104\" style=\"width:180px\"\/><\/figure>\n<\/div>\n\n\n<div class=\"wp-block-genesis-blocks-gb-pricing-table-features\" itemprop=\"description\">\n<ul style=\"padding-top:15px;padding-right:20px;padding-bottom:15px;padding-left:20px;font-size:20px\" class=\"wp-block-list\">\n<li>Product Feature One<\/li>\n\n\n\n<li>Product Feature Two<\/li>\n\n\n\n<li>Product Feature Three<\/li>\n<\/ul>\n<\/div>\n\n\n\n<div class=\"wp-block-genesis-blocks-gb-pricing-table-button gb-pricing-table-button\" style=\"padding-top:15px;padding-right:20px;padding-bottom:35px;padding-left:20px\"><div class=\"gb-block-button\"><a class=\"gb-button gb-button-shape-rounded gb-button-size-medium\" style=\"color:#ffffff;background-color:#82141a\">SCOPRI DI PIU&#8217;<\/a><\/div><\/div>\n<\/div><\/div>\n<\/div><\/div>\n<\/div><\/div><\/div>\n\n\n\n<div style=\"background-color:#000000;padding-left:8%;padding-right:8%;padding-bottom:15%;padding-top:15%\" class=\"wp-block-genesis-blocks-gb-container light-text gb-block-container alignfull\"><div class=\"gb-container-inside\"><div class=\"gb-container-image-wrap\"><img decoding=\"async\" class=\"gb-container-image has-background-dim\" object-fit=\"cover\"  src=\"https:\/\/www.nekodo.it\/wp-content\/uploads\/2025\/04\/warm-orange-ViPtoNt4kz0-unsplash.jpg\" alt=\"\"\/><\/div><div class=\"gb-container-content\" style=\"max-width:1200px\">\n<h2 class=\"wp-block-heading has-text-align-left bold-text fade-in-up\">Contattaci<\/h2>\n\n\n\n<p>Il tuo viaggio nelle corde comincia qui<\/p>\n\n\n\n<p>Che tu sia curioso, appassionato o in cerca di un nuovo linguaggio espressivo, le corde possono offrirti un mondo da scoprire.<\/p>\n\n\n\n<p>Vieni a conoscere Marco e Wendy nella nostra sede a Palermo.<\/p>\n\n\n\n<div class=\"wp-block-columns are-vertically-aligned-center is-layout-flex wp-container-core-columns-is-layout-9d6595d7 wp-block-columns-is-layout-flex\">\n<div class=\"wp-block-column is-vertically-aligned-center is-layout-flow wp-block-column-is-layout-flow\">\n<figure class=\"wp-block-image size-full is-resized wp-duotone-unset-1\"><img loading=\"lazy\" decoding=\"async\" width=\"6512\" height=\"6512\" src=\"https:\/\/www.nekodo.it\/wp-content\/uploads\/2025\/05\/Neko-do-LOGO-tondo.png\" alt=\"\" class=\"wp-image-117\" style=\"width:444px;height:auto\"\/><\/figure>\n<\/div>\n\n\n\n<div class=\"wp-block-column is-vertically-aligned-center is-layout-flow wp-block-column-is-layout-flow\"><style id=\"wpforms-css-vars-106-block-931030c5-d5ec-4d3d-a3c9-71f998dc4951\">\n\t\t\t\t#wpforms-106.wpforms-block-931030c5-d5ec-4d3d-a3c9-71f998dc4951 {\n\t\t\t\t--wpforms-label-color: #fdfdfdd9;\n--wpforms-label-sublabel-color: #cdcdcd8c;\n--wpforms-field-border-radius: 2px;\n--wpforms-field-border-color: #82141a;\n--wpforms-field-border-color-spare: #82141a;\n--wpforms-field-text-color: #82141a;\n--wpforms-button-border-style: solid;\n--wpforms-button-background-color: #82141a;\n--wpforms-button-border-color: #822f33;\n--wpforms-field-size-input-height: 31px;\n--wpforms-field-size-input-spacing: 10px;\n--wpforms-field-size-font-size: 14px;\n--wpforms-field-size-line-height: 17px;\n--wpforms-field-size-padding-h: 9px;\n--wpforms-field-size-checkbox-size: 14px;\n--wpforms-field-size-sublabel-spacing: 5px;\n--wpforms-field-size-icon-size: 0.75;\n--wpforms-label-size-font-size: 14px;\n--wpforms-label-size-line-height: 17px;\n--wpforms-label-size-sublabel-font-size: 13px;\n--wpforms-label-size-sublabel-line-height: 16px;\n--wpforms-button-size-font-size: 17px;\n--wpforms-button-size-height: 41px;\n--wpforms-button-size-padding-h: 15px;\n--wpforms-button-size-margin-top: 10px;\n\n\t\t\t}\n\t\t\t<\/style><div class=\"wpforms-container wpforms-container-full wpforms-block wpforms-block-931030c5-d5ec-4d3d-a3c9-71f998dc4951 wpforms-render-modern\" id=\"wpforms-106\"><form id=\"wpforms-form-106\" class=\"wpforms-validate wpforms-form wpforms-ajax-form\" data-formid=\"106\" method=\"post\" enctype=\"multipart\/form-data\" action=\"\/index.php\/wp-json\/wp\/v2\/pages\/51\" data-token=\"6ef846a7eb8af9127bb20c40eaa344a2\" data-token-time=\"1775739556\"><noscript class=\"wpforms-error-noscript\">Abilita JavaScript nel browser per completare questo modulo.<\/noscript><div id=\"wpforms-error-noscript\" style=\"display: none;\">Abilita JavaScript nel browser per completare questo modulo.<\/div><div class=\"wpforms-field-container\"><div id=\"wpforms-106-field_1-container\" class=\"wpforms-field wpforms-field-name\" data-field-id=\"1\"><label class=\"wpforms-field-label\" for=\"wpforms-106-field_1\">Nome <span class=\"wpforms-required-label\" aria-hidden=\"true\">*<\/span><\/label><input type=\"text\" id=\"wpforms-106-field_1\" class=\"wpforms-field-medium wpforms-field-required\" name=\"wpforms[fields][1]\" aria-errormessage=\"wpforms-106-field_1-error\" required><\/div>\t\t<div id=\"wpforms-106-field_4-container\"\n\t\t\tclass=\"wpforms-field wpforms-field-text\"\n\t\t\tdata-field-type=\"text\"\n\t\t\tdata-field-id=\"4\"\n\t\t\t>\n\t\t\t<label class=\"wpforms-field-label\" for=\"wpforms-106-field_4\" >Nome Email Messaggio<\/label>\n\t\t\t<input type=\"text\" id=\"wpforms-106-field_4\" class=\"wpforms-field-medium\" name=\"wpforms[fields][4]\" >\n\t\t<\/div>\n\t\t<div id=\"wpforms-106-field_2-container\" class=\"wpforms-field wpforms-field-email\" data-field-id=\"2\"><label class=\"wpforms-field-label\" for=\"wpforms-106-field_2\">Email <span class=\"wpforms-required-label\" aria-hidden=\"true\">*<\/span><\/label><input type=\"email\" id=\"wpforms-106-field_2\" class=\"wpforms-field-medium wpforms-field-required\" name=\"wpforms[fields][2]\" spellcheck=\"false\" aria-errormessage=\"wpforms-106-field_2-error\" required><\/div><div id=\"wpforms-106-field_3-container\" class=\"wpforms-field wpforms-field-textarea\" data-field-id=\"3\"><label class=\"wpforms-field-label\" for=\"wpforms-106-field_3\">Messaggio <span class=\"wpforms-required-label\" aria-hidden=\"true\">*<\/span><\/label><textarea id=\"wpforms-106-field_3\" class=\"wpforms-field-medium wpforms-field-required\" name=\"wpforms[fields][3]\" aria-errormessage=\"wpforms-106-field_3-error\" required><\/textarea><\/div><script>\n\t\t\t\t( function() {\n\t\t\t\t\tconst style = document.createElement( 'style' );\n\t\t\t\t\tstyle.appendChild( document.createTextNode( '#wpforms-106-field_4-container { position: absolute !important; overflow: hidden !important; display: inline !important; height: 1px !important; width: 1px !important; z-index: -1000 !important; padding: 0 !important; } #wpforms-106-field_4-container input { visibility: hidden; } #wpforms-conversational-form-page #wpforms-106-field_4-container label { counter-increment: none; }' ) );\n\t\t\t\t\tdocument.head.appendChild( style );\n\t\t\t\t\tdocument.currentScript?.remove();\n\t\t\t\t} )();\n\t\t\t<\/script><\/div><!-- .wpforms-field-container --><div class=\"wpforms-submit-container\" ><input type=\"hidden\" name=\"wpforms[id]\" value=\"106\"><input type=\"hidden\" name=\"page_title\" value=\"\"><input type=\"hidden\" name=\"page_url\" value=\"https:\/\/www.nekodo.it\/index.php\/wp-json\/wp\/v2\/pages\/51\"><input type=\"hidden\" name=\"url_referer\" value=\"\"><button type=\"submit\" name=\"wpforms[submit]\" id=\"wpforms-submit-106\" class=\"wpforms-submit\" data-alt-text=\"Invio in corso...\" data-submit-text=\"Invia\" aria-live=\"assertive\" value=\"wpforms-submit\">Invia<\/button><img loading=\"lazy\" decoding=\"async\" src=\"https:\/\/www.nekodo.it\/wp-content\/plugins\/wpforms-lite\/assets\/images\/submit-spin.svg\" class=\"wpforms-submit-spinner\" style=\"display: none;\" width=\"26\" height=\"26\" alt=\"Caricamento\"><\/div><\/form><\/div>  <!-- .wpforms-container --><\/div>\n<\/div>\n<\/div><\/div><\/div>\n","protected":false},"excerpt":{"rendered":"","protected":false},"author":1,"featured_media":72,"parent":0,"menu_order":0,"comment_status":"closed","ping_status":"closed","template":"","meta":{"_genesis_hide_title":true,"_genesis_hide_breadcrumbs":true,"_genesis_hide_singular_image":true,"_genesis_hide_footer_widgets":false,"_genesis_custom_body_class":"","_genesis_custom_post_class":"","_genesis_layout":"full-width-content","footnotes":""},"class_list":{"0":"post-51","1":"page","2":"type-page","3":"status-publish","4":"has-post-thumbnail","6":"entry"},"featured_image_src":"https:\/\/www.nekodo.it\/wp-content\/uploads\/2025\/05\/Keka-3.jpg","featured_image_src_square":"https:\/\/www.nekodo.it\/wp-content\/uploads\/2025\/05\/Keka-3.jpg","_links":{"self":[{"href":"https:\/\/www.nekodo.it\/index.php\/wp-json\/wp\/v2\/pages\/51","targetHints":{"allow":["GET"]}}],"collection":[{"href":"https:\/\/www.nekodo.it\/index.php\/wp-json\/wp\/v2\/pages"}],"about":[{"href":"https:\/\/www.nekodo.it\/index.php\/wp-json\/wp\/v2\/types\/page"}],"author":[{"embeddable":true,"href":"https:\/\/www.nekodo.it\/index.php\/wp-json\/wp\/v2\/users\/1"}],"replies":[{"embeddable":true,"href":"https:\/\/www.nekodo.it\/index.php\/wp-json\/wp\/v2\/comments?post=51"}],"version-history":[{"count":16,"href":"https:\/\/www.nekodo.it\/index.php\/wp-json\/wp\/v2\/pages\/51\/revisions"}],"predecessor-version":[{"id":136,"href":"https:\/\/www.nekodo.it\/index.php\/wp-json\/wp\/v2\/pages\/51\/revisions\/136"}],"wp:featuredmedia":[{"embeddable":true,"href":"https:\/\/www.nekodo.it\/index.php\/wp-json\/wp\/v2\/media\/72"}],"wp:attachment":[{"href":"https:\/\/www.nekodo.it\/index.php\/wp-json\/wp\/v2\/media?parent=51"}],"curies":[{"name":"wp","href":"https:\/\/api.w.org\/{rel}","templated":true}]}}